{"id":19,"date":"2019-03-28T10:19:08","date_gmt":"2019-03-28T10:19:08","guid":{"rendered":"https:\/\/lafka.althemist.com\/fastfood\/?page_id=19"},"modified":"2022-03-29T08:42:28","modified_gmt":"2022-03-29T06:42:28","slug":"contacts","status":"publish","type":"page","link":"https:\/\/ledenite.lv\/en\/contacts\/","title":{"rendered":"Contacts"},"content":{"rendered":"<p>[vc_row full_width=&#8221;stretch_row_content_no_spaces&#8221; css=&#8221;.vc_custom_1557046633098{margin-bottom: 0px !important;padding-top: 0px !important;padding-bottom: 0px !important;}&#8221;][vc_column css=&#8221;.vc_custom_1557046637872{padding-top: 0px !important;}&#8221;]            <div class=\"lafka-google-maps lafka-map-shortcode\">\n                <div id=\"map_canvas69d777f080bf4\" class=\"map_canvas\" style=\"width:100%; height:850px\"><\/div>\n                <div class=\"directions_holder\">\n                    <h4><i class=\"fa fa-map-marker\"><\/i> Get Directions<\/h4>\n                    <p>Fill in your address or zipcode to calculate the route<\/p>\n                    <form action=\"\" align=\"right\" onSubmit=\"calcRoute('routeStart69d777f080bf6', '56.829476', '24.238879', 'map_canvas69d777f080bf4');\n                                        return false;\">\n                        <input type=\"text\" id=\"routeStart69d777f080bf6\" value=\"\" placeholder=\"Address or postcode\" style=\"margin-top:3px\"><br \/><br \/>\n                        <input type=\"submit\" value=\"Calculate route\" class=\"button\" onclick=\"calcRoute('routeStart69d777f080bf6', '56.829476', '24.238879', 'map_canvas69d777f080bf4');\n                                            return false;\" \/>\n                    <\/form>\n                <\/div>\n            <\/div>\n\n            [\/vc_column][\/vc_row][vc_row gap=&#8221;35&#8243; css=&#8221;.vc_custom_1560664873658{margin-bottom: 0px !important;padding-top: 80px !important;padding-bottom: 80px !important;}&#8221;][vc_column width=&#8221;2\/3&#8243;][vc_column_text css=&#8221;.vc_custom_1557046842868{margin-bottom: 20px !important;}&#8221;]<\/p>\n<h4>Send us a Message<\/h4>\n<p>[\/vc_column_text]\n<div class=\"wpcf7 no-js\" id=\"wpcf7-f6311-o1\" lang=\"en-US\" dir=\"ltr\" data-wpcf7-id=\"6311\">\n<div class=\"screen-reader-response\"><p role=\"status\" aria-live=\"polite\" aria-atomic=\"true\"><\/p> <ul><\/ul><\/div>\n<form action=\"\/en\/wp-json\/wp\/v2\/pages\/19#wpcf7-f6311-o1\" method=\"post\" class=\"wpcf7-form init\" aria-label=\"Contact form\" novalidate=\"novalidate\" data-status=\"init\">\n<fieldset class=\"hidden-fields-container\"><input type=\"hidden\" name=\"_wpcf7\" value=\"6311\" \/><input type=\"hidden\" name=\"_wpcf7_version\" value=\"6.1.5\" \/><input type=\"hidden\" name=\"_wpcf7_locale\" value=\"en_US\" \/><input type=\"hidden\" name=\"_wpcf7_unit_tag\" value=\"wpcf7-f6311-o1\" \/><input type=\"hidden\" name=\"_wpcf7_container_post\" value=\"0\" \/><input type=\"hidden\" name=\"_wpcf7_posted_data_hash\" value=\"\" \/>\n<\/fieldset>\n<p><label> Your name *:<br \/>\n<span class=\"wpcf7-form-control-wrap\" data-name=\"your-name\"><input size=\"40\" maxlength=\"400\" class=\"wpcf7-form-control wpcf7-text wpcf7-validates-as-required\" aria-required=\"true\" aria-invalid=\"false\" value=\"\" type=\"text\" name=\"your-name\" \/><\/span> <\/label>\n<\/p>\n<p><label> Email address *:<br \/>\n<span class=\"wpcf7-form-control-wrap\" data-name=\"your-email\"><input size=\"40\" maxlength=\"400\" class=\"wpcf7-form-control wpcf7-email wpcf7-validates-as-required wpcf7-text wpcf7-validates-as-email\" aria-required=\"true\" aria-invalid=\"false\" value=\"\" type=\"email\" name=\"your-email\" \/><\/span> <\/label>\n<\/p>\n<p><label> Phone:<br \/>\n<span class=\"wpcf7-form-control-wrap\" data-name=\"phone\"><input size=\"40\" maxlength=\"400\" class=\"wpcf7-form-control wpcf7-text\" aria-invalid=\"false\" value=\"\" type=\"text\" name=\"phone\" \/><\/span> <\/label>\n<\/p>\n<p><label> Your message *:<br \/>\n<span class=\"wpcf7-form-control-wrap\" data-name=\"your-message\"><textarea cols=\"40\" rows=\"10\" maxlength=\"2000\" class=\"wpcf7-form-control wpcf7-textarea wpcf7-validates-as-required\" aria-required=\"true\" aria-invalid=\"false\" name=\"your-message\"><\/textarea><\/span> <\/label>\n<\/p>\n<p><span class=\"wpcf7-form-control-wrap\" data-name=\"acceptance-600\"><span class=\"wpcf7-form-control wpcf7-acceptance\"><span class=\"wpcf7-list-item\"><label><input type=\"checkbox\" name=\"acceptance-600\" value=\"1\" aria-invalid=\"false\" \/><span class=\"wpcf7-list-item-label\">I accept terms and conditions and privacy policy<\/span><\/label><\/span><\/span><\/span>\n<\/p>\n<p><input class=\"wpcf7-form-control wpcf7-submit has-spinner\" type=\"submit\" value=\"Send\" \/>\n<\/p><div class=\"wpcf7-response-output\" aria-hidden=\"true\"><\/div>\n<\/form>\n<\/div>\n[\/vc_column][vc_column width=&#8221;1\/3&#8243;][vc_column_text css=&#8221;.vc_custom_1610654993739{margin-bottom: 20px !important;}&#8221;]<\/p>\n<h4>Contacts<\/h4>\n<p>[\/vc_column_text][vc_column_text]\u0136ekavas nov., \u0136ekavas pag., \u0136ekava,<br \/>\nR\u012bgas iela 73, LV-2123<\/p>\n<p>+371 20670000<\/p>\n<p>ledenitecafe@gmail.com<\/p>\n<p>I-VII: 9.00-22.00[\/vc_column_text][vc_column_text css=&#8221;.vc_custom_1618230286448{margin-bottom: 20px !important;}&#8221;]<\/p>\n<h4>Imprint<\/h4>\n<p>[\/vc_column_text][vc_column_text]SIA &#8220;Leden\u012bte&#8221;<br \/>\nR\u012bgas iela 73, \u0136ekava, \u0136ekavas pag.,<br \/>\n\u0136ekavas nov., LV-2123<br \/>\nRe\u0123. Nr. 40203266615<br \/>\nPVN Re\u0123. Nr. 40203266615<br \/>\nA\/S Swedbank<br \/>\nKonts: LV95HABA0551050019655<br \/>\nPVD Re\u0123. Nr. 084202[\/vc_column_text][\/vc_column][\/vc_row]<\/p>\n","protected":false},"excerpt":{"rendered":"<p>[vc_row full_width=&#8221;stretch_row_content_no_spaces&#8221; css=&#8221;.vc_custom_1557046633098{margin-bottom: 0px !important;padding-top: 0px !important;padding-bottom: 0px !important;}&#8221;][vc_column css=&#8221;.vc_custom_1557046637872{padding-top: 0px !important;}&#8221;][\/vc_column][\/vc_row][vc_row gap=&#8221;35&#8243; css=&#8221;.vc_custom_1560664873658{margin-bottom: 0px !important;padding-top: 80px !important;padding-bottom: 80px !important;}&#8221;][vc_column width=&#8221;2\/3&#8243;][vc_column_text css=&#8221;.vc_custom_1557046842868{margin-bottom: 20px !important;}&#8221;] Send us a Message [\/vc_column_text][\/vc_column][vc_column width=&#8221;1\/3&#8243;][vc_column_text css=&#8221;.vc_custom_1610654993739{margin-bottom: 20px !important;}&#8221;] Contacts [\/vc_column_text][vc_column_text]\u0136ekavas nov., \u0136ekavas pag., \u0136ekava, R\u012bgas iela 73, LV-2123 +371 20670000 ledenitecafe@gmail.com I-VII: 9.00-22.00[\/vc_column_text][vc_column_text css=&#8221;.vc_custom_1618230286448{margin-bottom: 20px !important;}&#8221;] Imprint [\/vc_column_text][vc_column_text]SIA &#8220;Leden\u012bte&#8221; R\u012bgas&#8230;<a class=\"r_more_blog\" href=\"https:\/\/ledenite.lv\/en\/contacts\/#more-19\"> continue reading<\/a><\/p>\n","protected":false},"author":1,"featured_media":0,"parent":0,"menu_order":0,"comment_status":"closed","ping_status":"closed","template":"","meta":{"_monsterinsights_skip_tracking":false,"_monsterinsights_sitenote_active":false,"_monsterinsights_sitenote_note":"","_monsterinsights_sitenote_category":0,"footnotes":""},"class_list":["post-19","page","type-page","status-publish","hentry"],"yoast_head":"<!-- This site is optimized with the Yoast SEO plugin v27.3 - https:\/\/yoast.com\/product\/yoast-seo-wordpress\/ -->\n<title>Contacts | Leden\u012bte Cafe<\/title>\n<meta name=\"description\" content=\"Send us a Message Contacts \u0136ekavas nov., \u0136ekavas pag., \u0136ekava, R\u012bgas iela 73, LV-2123 +371 20670000 ledenitecafe@gmail.com I-VII: 9.00-22.00 Imprint SIA\" \/>\n<meta name=\"robots\" content=\"index, follow, max-snippet:-1, max-image-preview:large, max-video-preview:-1\" \/>\n<link rel=\"canonical\" href=\"https:\/\/ledenite.lv\/en\/contacts\/\" \/>\n<meta property=\"og:locale\" content=\"en_US\" \/>\n<meta property=\"og:type\" content=\"article\" \/>\n<meta property=\"og:title\" content=\"Contacts | Leden\u012bte Cafe\" \/>\n<meta property=\"og:description\" content=\"Send us a Message Contacts \u0136ekavas nov., \u0136ekavas pag., \u0136ekava, R\u012bgas iela 73, LV-2123 +371 20670000 ledenitecafe@gmail.com I-VII: 9.00-22.00 Imprint SIA\" \/>\n<meta property=\"og:url\" content=\"https:\/\/ledenite.lv\/en\/contacts\/\" \/>\n<meta property=\"og:site_name\" content=\"Leden\u012bte Cafe\" \/>\n<meta property=\"article:publisher\" content=\"https:\/\/www.facebook.com\/ledenite.lv\" \/>\n<meta property=\"article:modified_time\" content=\"2022-03-29T06:42:28+00:00\" \/>\n<meta property=\"og:image\" content=\"https:\/\/ledenite.lv\/wp-content\/uploads\/2021\/06\/Logo_for_web.png\" \/>\n\t<meta property=\"og:image:width\" content=\"834\" \/>\n\t<meta property=\"og:image:height\" content=\"835\" \/>\n\t<meta property=\"og:image:type\" content=\"image\/png\" \/>\n<meta name=\"twitter:card\" content=\"summary_large_image\" \/>\n<meta name=\"twitter:label1\" content=\"Est. reading time\" \/>\n\t<meta name=\"twitter:data1\" content=\"1 minute\" \/>\n<!-- \/ Yoast SEO plugin. -->","yoast_head_json":{"title":"Contacts | Leden\u012bte Cafe","description":"Send us a Message Contacts \u0136ekavas nov., \u0136ekavas pag., \u0136ekava, R\u012bgas iela 73, LV-2123 +371 20670000 ledenitecafe@gmail.com I-VII: 9.00-22.00 Imprint SIA","robots":{"index":"index","follow":"follow","max-snippet":"max-snippet:-1","max-image-preview":"max-image-preview:large","max-video-preview":"max-video-preview:-1"},"canonical":"https:\/\/ledenite.lv\/en\/contacts\/","og_locale":"en_US","og_type":"article","og_title":"Contacts | Leden\u012bte Cafe","og_description":"Send us a Message Contacts \u0136ekavas nov., \u0136ekavas pag., \u0136ekava, R\u012bgas iela 73, LV-2123 +371 20670000 ledenitecafe@gmail.com I-VII: 9.00-22.00 Imprint SIA","og_url":"https:\/\/ledenite.lv\/en\/contacts\/","og_site_name":"Leden\u012bte Cafe","article_publisher":"https:\/\/www.facebook.com\/ledenite.lv","article_modified_time":"2022-03-29T06:42:28+00:00","og_image":[{"width":834,"height":835,"url":"https:\/\/ledenite.lv\/wp-content\/uploads\/2021\/06\/Logo_for_web.png","type":"image\/png"}],"twitter_card":"summary_large_image","twitter_misc":{"Est. reading time":"1 minute"},"schema":{"@context":"https:\/\/schema.org","@graph":[{"@type":"WebPage","@id":"https:\/\/ledenite.lv\/en\/contacts\/","url":"https:\/\/ledenite.lv\/en\/contacts\/","name":"Contacts | Leden\u012bte Cafe","isPartOf":{"@id":"https:\/\/ledenite.lv\/en\/#website"},"datePublished":"2019-03-28T10:19:08+00:00","dateModified":"2022-03-29T06:42:28+00:00","description":"Send us a Message Contacts \u0136ekavas nov., \u0136ekavas pag., \u0136ekava, R\u012bgas iela 73, LV-2123 +371 20670000 ledenitecafe@gmail.com I-VII: 9.00-22.00 Imprint SIA","breadcrumb":{"@id":"https:\/\/ledenite.lv\/en\/contacts\/#breadcrumb"},"inLanguage":"en-US","potentialAction":[{"@type":"ReadAction","target":["https:\/\/ledenite.lv\/en\/contacts\/"]}]},{"@type":"BreadcrumbList","@id":"https:\/\/ledenite.lv\/en\/contacts\/#breadcrumb","itemListElement":[{"@type":"ListItem","position":1,"name":"Home","item":"https:\/\/ledenite.lv\/en\/"},{"@type":"ListItem","position":2,"name":"Contacts"}]},{"@type":"WebSite","@id":"https:\/\/ledenite.lv\/en\/#website","url":"https:\/\/ledenite.lv\/en\/","name":"Leden\u012bte Cafe","description":"","publisher":{"@id":"https:\/\/ledenite.lv\/en\/#organization"},"potentialAction":[{"@type":"SearchAction","target":{"@type":"EntryPoint","urlTemplate":"https:\/\/ledenite.lv\/en\/?s={search_term_string}"},"query-input":{"@type":"PropertyValueSpecification","valueRequired":true,"valueName":"search_term_string"}}],"inLanguage":"en-US"},{"@type":"Organization","@id":"https:\/\/ledenite.lv\/en\/#organization","name":"Leden\u012bte","url":"https:\/\/ledenite.lv\/en\/","logo":{"@type":"ImageObject","inLanguage":"en-US","@id":"https:\/\/ledenite.lv\/en\/#\/schema\/logo\/image\/","url":"http:\/\/ledenite.lv\/wp-content\/uploads\/2021\/06\/Logo_for_web.png","contentUrl":"http:\/\/ledenite.lv\/wp-content\/uploads\/2021\/06\/Logo_for_web.png","width":834,"height":835,"caption":"Leden\u012bte"},"image":{"@id":"https:\/\/ledenite.lv\/en\/#\/schema\/logo\/image\/"},"sameAs":["https:\/\/www.facebook.com\/ledenite.lv","https:\/\/www.instagram.com\/ledenite.lv\/"]}]}},"_links":{"self":[{"href":"https:\/\/ledenite.lv\/en\/wp-json\/wp\/v2\/pages\/19","targetHints":{"allow":["GET"]}}],"collection":[{"href":"https:\/\/ledenite.lv\/en\/wp-json\/wp\/v2\/pages"}],"about":[{"href":"https:\/\/ledenite.lv\/en\/wp-json\/wp\/v2\/types\/page"}],"author":[{"embeddable":true,"href":"https:\/\/ledenite.lv\/en\/wp-json\/wp\/v2\/users\/1"}],"replies":[{"embeddable":true,"href":"https:\/\/ledenite.lv\/en\/wp-json\/wp\/v2\/comments?post=19"}],"version-history":[{"count":2,"href":"https:\/\/ledenite.lv\/en\/wp-json\/wp\/v2\/pages\/19\/revisions"}],"predecessor-version":[{"id":13120,"href":"https:\/\/ledenite.lv\/en\/wp-json\/wp\/v2\/pages\/19\/revisions\/13120"}],"wp:attachment":[{"href":"https:\/\/ledenite.lv\/en\/wp-json\/wp\/v2\/media?parent=19"}],"curies":[{"name":"wp","href":"https:\/\/api.w.org\/{rel}","templated":true}]}}