{"id":4451,"date":"2021-03-25T20:41:57","date_gmt":"2021-03-25T20:41:57","guid":{"rendered":"https:\/\/ledenite.lv\/?page_id=4451"},"modified":"2024-04-22T20:07:37","modified_gmt":"2024-04-22T18:07:37","slug":"delivery-information","status":"publish","type":"page","link":"https:\/\/ledenite.lv\/en\/delivery-information\/","title":{"rendered":"Delivery information"},"content":{"rendered":"<p>[vc_row full_width=&#8221;stretch_row&#8221; allow_overflow=&#8221;yes&#8221; css=&#8221;.vc_custom_1560664672246{margin-bottom: 0px !important;padding-top: 80px !important;padding-bottom: 80px !important;background-color: #ffffff !important;}&#8221;][vc_column][vc_row_inner][vc_column_inner width=&#8221;1\/6&#8243;][\/vc_column_inner][vc_column_inner width=&#8221;2\/3&#8243;][vc_column_text css=&#8221;.vc_custom_1713809246593{margin-bottom: 60px !important;}&#8221;]<\/p>\n<p style=\"text-align: center;\"><strong>\u0136ekava<\/strong>\u00a0&#8211; 3.50 EUR (Free delivery for orders over 20 eur)<\/p>\n<p style=\"text-align: center;\"><strong>Balo\u017ei, Valdlau\u010di, R\u0101mava<\/strong> &#8211; 3.50 EUR (Free delivery from the order amount 30 eur)<\/p>\n<p style=\"text-align: center;\"><strong>Ziepniekkalns<\/strong> &#8211; 4.50 EUR (Free shipping for orders over 45 eur)<\/p>\n<p style=\"text-align: center;\"><strong>Salaspils, Baldone, Daugmale<\/strong> &#8211; 7 EUR (Free shipping for orders over 45 eur)<\/p>\n<p style=\"text-align: center;\"><strong>Olaine un Olaines pagasts<\/strong> &#8211; 7 EUR (Free delivery for orders of 55 eur)<\/p>\n<p style=\"text-align: center;\"><strong>Iecava, Dz\u0113rumi<\/strong> &#8211; 7 EUR (Free delivery from the order amount 55 eur)<\/p>\n<p style=\"text-align: center;\"><strong>M\u0101rupe, Jaunm\u0101rupe<\/strong> &#8211; 7 EUR (Free delivery from the order amount 55 eur)<\/p>\n<p style=\"text-align: center;\"><strong>Riga (Centrs)<\/strong> &#8211; 7 EUR (Free delivery from order amount 55 eur)<\/p>\n<p style=\"text-align: center;\">Other districts and cities by prior agreement.<\/p>\n<p>&nbsp;<\/p>\n<p style=\"text-align: center;\"><span style=\"color: #ff0000;\"><em>Ziepniekkalns, Salaspils, Baldone, Daugmale, Olaine un Olaines pagasts, Iecava, Dz\u0113rumi, M\u0101rupe, Jaunm\u0101rupe, Riga (Centrs) &#8211; Minimum order amount 25.00 eur.<\/em><\/span><\/p>\n<p>[\/vc_column_text][\/vc_column_inner][vc_column_inner width=&#8221;1\/6&#8243;][\/vc_column_inner][\/vc_row_inner][\/vc_column][\/vc_row]<\/p>\n","protected":false},"excerpt":{"rendered":"<p>[vc_row full_width=&#8221;stretch_row&#8221; allow_overflow=&#8221;yes&#8221; css=&#8221;.vc_custom_1560664672246{margin-bottom: 0px !important;padding-top: 80px !important;padding-bottom: 80px !important;background-color: #ffffff !important;}&#8221;][vc_column][vc_row_inner][vc_column_inner width=&#8221;1\/6&#8243;][\/vc_column_inner][vc_column_inner width=&#8221;2\/3&#8243;][vc_column_text css=&#8221;.vc_custom_1713809246593{margin-bottom: 60px !important;}&#8221;] \u0136ekava\u00a0&#8211; 3.50 EUR (Free delivery for orders over 20 eur) Balo\u017ei, Valdlau\u010di, R\u0101mava &#8211; 3.50 EUR (Free delivery from the order amount 30 eur) Ziepniekkalns &#8211; 4.50 EUR (Free shipping for orders over 45 eur) Salaspils, Baldone, Daugmale&#8230;<a class=\"r_more_blog\" href=\"https:\/\/ledenite.lv\/en\/delivery-information\/#more-4451\"> continue reading<\/a><\/p>\n","protected":false},"author":1,"featured_media":0,"parent":0,"menu_order":0,"comment_status":"closed","ping_status":"closed","template":"","meta":{"_monsterinsights_skip_tracking":false,"_monsterinsights_sitenote_active":false,"_monsterinsights_sitenote_note":"","_monsterinsights_sitenote_category":0,"footnotes":""},"class_list":["post-4451","page","type-page","status-publish","hentry"],"yoast_head":"<!-- This site is optimized with the Yoast SEO plugin v27.4 - https:\/\/yoast.com\/product\/yoast-seo-wordpress\/ -->\n<title>Delivery information | Leden\u012bte Cafe<\/title>\n<meta name=\"description\" content=\"\u0136ekava\u00a0- 3.50 EUR (Free delivery for orders over 20 eur) Balo\u017ei, Valdlau\u010di, R\u0101mava - 3.50 EUR (Free delivery from the order amount 30 eur) Ziepniekkalns -\" \/>\n<meta name=\"robots\" content=\"index, follow, max-snippet:-1, max-image-preview:large, max-video-preview:-1\" \/>\n<link rel=\"canonical\" href=\"https:\/\/ledenite.lv\/en\/delivery-information\/\" \/>\n<meta property=\"og:locale\" content=\"en_US\" \/>\n<meta property=\"og:type\" content=\"article\" \/>\n<meta property=\"og:title\" content=\"Delivery information | Leden\u012bte Cafe\" \/>\n<meta property=\"og:description\" content=\"\u0136ekava\u00a0- 3.50 EUR (Free delivery for orders over 20 eur) Balo\u017ei, Valdlau\u010di, R\u0101mava - 3.50 EUR (Free delivery from the order amount 30 eur) Ziepniekkalns -\" \/>\n<meta property=\"og:url\" content=\"https:\/\/ledenite.lv\/en\/delivery-information\/\" \/>\n<meta property=\"og:site_name\" content=\"Leden\u012bte Cafe\" \/>\n<meta property=\"article:publisher\" content=\"https:\/\/www.facebook.com\/ledenite.lv\" \/>\n<meta property=\"article:modified_time\" content=\"2024-04-22T18:07:37+00:00\" \/>\n<meta property=\"og:image\" content=\"https:\/\/ledenite.lv\/wp-content\/uploads\/2021\/06\/Logo_for_web.png\" \/>\n\t<meta property=\"og:image:width\" content=\"834\" \/>\n\t<meta property=\"og:image:height\" content=\"835\" \/>\n\t<meta property=\"og:image:type\" content=\"image\/png\" \/>\n<meta name=\"twitter:card\" content=\"summary_large_image\" \/>\n<meta name=\"twitter:label1\" content=\"Est. reading time\" \/>\n\t<meta name=\"twitter:data1\" content=\"1 minute\" \/>\n<!-- \/ Yoast SEO plugin. -->","yoast_head_json":{"title":"Delivery information | Leden\u012bte Cafe","description":"\u0136ekava\u00a0- 3.50 EUR (Free delivery for orders over 20 eur) Balo\u017ei, Valdlau\u010di, R\u0101mava - 3.50 EUR (Free delivery from the order amount 30 eur) Ziepniekkalns -","robots":{"index":"index","follow":"follow","max-snippet":"max-snippet:-1","max-image-preview":"max-image-preview:large","max-video-preview":"max-video-preview:-1"},"canonical":"https:\/\/ledenite.lv\/en\/delivery-information\/","og_locale":"en_US","og_type":"article","og_title":"Delivery information | Leden\u012bte Cafe","og_description":"\u0136ekava\u00a0- 3.50 EUR (Free delivery for orders over 20 eur) Balo\u017ei, Valdlau\u010di, R\u0101mava - 3.50 EUR (Free delivery from the order amount 30 eur) Ziepniekkalns -","og_url":"https:\/\/ledenite.lv\/en\/delivery-information\/","og_site_name":"Leden\u012bte Cafe","article_publisher":"https:\/\/www.facebook.com\/ledenite.lv","article_modified_time":"2024-04-22T18:07:37+00:00","og_image":[{"width":834,"height":835,"url":"https:\/\/ledenite.lv\/wp-content\/uploads\/2021\/06\/Logo_for_web.png","type":"image\/png"}],"twitter_card":"summary_large_image","twitter_misc":{"Est. reading time":"1 minute"},"schema":{"@context":"https:\/\/schema.org","@graph":[{"@type":"WebPage","@id":"https:\/\/ledenite.lv\/en\/delivery-information\/","url":"https:\/\/ledenite.lv\/en\/delivery-information\/","name":"Delivery information | Leden\u012bte Cafe","isPartOf":{"@id":"https:\/\/ledenite.lv\/en\/#website"},"datePublished":"2021-03-25T20:41:57+00:00","dateModified":"2024-04-22T18:07:37+00:00","description":"\u0136ekava\u00a0- 3.50 EUR (Free delivery for orders over 20 eur) Balo\u017ei, Valdlau\u010di, R\u0101mava - 3.50 EUR (Free delivery from the order amount 30 eur) Ziepniekkalns -","breadcrumb":{"@id":"https:\/\/ledenite.lv\/en\/delivery-information\/#breadcrumb"},"inLanguage":"en-US","potentialAction":[{"@type":"ReadAction","target":["https:\/\/ledenite.lv\/en\/delivery-information\/"]}]},{"@type":"BreadcrumbList","@id":"https:\/\/ledenite.lv\/en\/delivery-information\/#breadcrumb","itemListElement":[{"@type":"ListItem","position":1,"name":"Home","item":"https:\/\/ledenite.lv\/en\/"},{"@type":"ListItem","position":2,"name":"Delivery information"}]},{"@type":"WebSite","@id":"https:\/\/ledenite.lv\/en\/#website","url":"https:\/\/ledenite.lv\/en\/","name":"Leden\u012bte Cafe","description":"","publisher":{"@id":"https:\/\/ledenite.lv\/en\/#organization"},"potentialAction":[{"@type":"SearchAction","target":{"@type":"EntryPoint","urlTemplate":"https:\/\/ledenite.lv\/en\/?s={search_term_string}"},"query-input":{"@type":"PropertyValueSpecification","valueRequired":true,"valueName":"search_term_string"}}],"inLanguage":"en-US"},{"@type":"Organization","@id":"https:\/\/ledenite.lv\/en\/#organization","name":"Leden\u012bte","url":"https:\/\/ledenite.lv\/en\/","logo":{"@type":"ImageObject","inLanguage":"en-US","@id":"https:\/\/ledenite.lv\/en\/#\/schema\/logo\/image\/","url":"http:\/\/ledenite.lv\/wp-content\/uploads\/2021\/06\/Logo_for_web.png","contentUrl":"http:\/\/ledenite.lv\/wp-content\/uploads\/2021\/06\/Logo_for_web.png","width":834,"height":835,"caption":"Leden\u012bte"},"image":{"@id":"https:\/\/ledenite.lv\/en\/#\/schema\/logo\/image\/"},"sameAs":["https:\/\/www.facebook.com\/ledenite.lv","https:\/\/www.instagram.com\/ledenite.lv\/"]}]}},"_links":{"self":[{"href":"https:\/\/ledenite.lv\/en\/wp-json\/wp\/v2\/pages\/4451","targetHints":{"allow":["GET"]}}],"collection":[{"href":"https:\/\/ledenite.lv\/en\/wp-json\/wp\/v2\/pages"}],"about":[{"href":"https:\/\/ledenite.lv\/en\/wp-json\/wp\/v2\/types\/page"}],"author":[{"embeddable":true,"href":"https:\/\/ledenite.lv\/en\/wp-json\/wp\/v2\/users\/1"}],"replies":[{"embeddable":true,"href":"https:\/\/ledenite.lv\/en\/wp-json\/wp\/v2\/comments?post=4451"}],"version-history":[{"count":3,"href":"https:\/\/ledenite.lv\/en\/wp-json\/wp\/v2\/pages\/4451\/revisions"}],"predecessor-version":[{"id":22432,"href":"https:\/\/ledenite.lv\/en\/wp-json\/wp\/v2\/pages\/4451\/revisions\/22432"}],"wp:attachment":[{"href":"https:\/\/ledenite.lv\/en\/wp-json\/wp\/v2\/media?parent=4451"}],"curies":[{"name":"wp","href":"https:\/\/api.w.org\/{rel}","templated":true}]}}