{"id":5945,"date":"2021-03-25T20:41:57","date_gmt":"2021-03-25T20:41:57","guid":{"rendered":"https:\/\/ledenite.lv\/delivery-information\/"},"modified":"2024-04-22T20:08:18","modified_gmt":"2024-04-22T18:08:18","slug":"delivery-information","status":"publish","type":"page","link":"https:\/\/ledenite.lv\/ru\/delivery-information\/","title":{"rendered":"\u0418\u043d\u0444\u043e\u0440\u043c\u0430\u0446\u0438\u044f \u043e \u0434\u043e\u0441\u0442\u0430\u0432\u043a\u0435"},"content":{"rendered":"<p>[vc_row full_width=&#8221;stretch_row&#8221; allow_overflow=&#8221;yes&#8221; css=&#8221;.vc_custom_1560664672246{margin-bottom: 0px !important;padding-top: 80px !important;padding-bottom: 80px !important;background-color: #ffffff !important;}&#8221;][vc_column][vc_row_inner][vc_column_inner width=&#8221;1\/6&#8243;][\/vc_column_inner][vc_column_inner width=&#8221;2\/3&#8243;][vc_column_text css=&#8221;.vc_custom_1713809293329{margin-bottom: 60px !important;}&#8221;]<\/p>\n<p style=\"text-align: center;\"><strong>\u0136ekava<\/strong>\u00a0&#8211; 3.50 EUR (\u0411\u0435\u0441\u043f\u043b\u0430\u0442\u043d\u0430\u044f \u0434\u043e\u0441\u0442\u0430\u0432\u043a\u0430 \u043f\u0440\u0438 \u0437\u0430\u043a\u0430\u0437\u0435 \u043e\u0442 20 \u0435\u0432\u0440\u043e)<\/p>\n<p style=\"text-align: center;\"><strong>Balo\u017ei, Valdlau\u010di, R\u0101mava<\/strong> &#8211; 3.50 EUR (\u0411\u0435\u0441\u043f\u043b\u0430\u0442\u043d\u0430\u044f \u0434\u043e\u0441\u0442\u0430\u0432\u043a\u0430 \u043f\u0440\u0438 \u0437\u0430\u043a\u0430\u0437\u0435 \u043e\u0442 30 \u0435\u0432\u0440\u043e)<\/p>\n<p style=\"text-align: center;\"><strong>Ziepniekkalns<\/strong> &#8211; 4.50 EUR (Free shipping for orders over 45 eur)<\/p>\n<p style=\"text-align: center;\"><strong>Salaspils, Baldone, Daugmale<\/strong> &#8211; 7 EUR (\u0411\u0435\u0441\u043f\u043b\u0430\u0442\u043d\u0430\u044f \u0434\u043e\u0441\u0442\u0430\u0432\u043a\u0430 \u043f\u0440\u0438 \u0437\u0430\u043a\u0430\u0437\u0435 \u043e\u0442 45 \u0435\u0432\u0440\u043e)<\/p>\n<p style=\"text-align: center;\"><strong>Olaine un Olaines pagasts<\/strong> &#8211; 7 EUR (\u0411\u0435\u0441\u043f\u043b\u0430\u0442\u043d\u0430\u044f \u0434\u043e\u0441\u0442\u0430\u0432\u043a\u0430 \u043f\u0440\u0438 \u0437\u0430\u043a\u0430\u0437\u0435 \u043e\u0442 55 \u0435\u0432\u0440\u043e)<\/p>\n<p style=\"text-align: center;\"><strong>Iecava, Dz\u0113rumi<\/strong> &#8211; 7 EUR (\u0411\u0435\u0441\u043f\u043b\u0430\u0442\u043d\u0430\u044f \u0434\u043e\u0441\u0442\u0430\u0432\u043a\u0430 \u043f\u0440\u0438 \u0437\u0430\u043a\u0430\u0437\u0435 \u043e\u0442 55 \u0435\u0432\u0440\u043e)<\/p>\n<p style=\"text-align: center;\"><strong>M\u0101rupe, Jaunm\u0101rupe<\/strong> &#8211; 7 EUR (\u0411\u0435\u0441\u043f\u043b\u0430\u0442\u043d\u0430\u044f \u0434\u043e\u0441\u0442\u0430\u0432\u043a\u0430 \u043f\u0440\u0438 \u0437\u0430\u043a\u0430\u0437\u0435 \u043e\u0442 55 \u0435\u0432\u0440\u043e)<\/p>\n<p style=\"text-align: center;\"><strong>Riga (Centrs)<\/strong> &#8211; 7 EUR (\u0411\u0435\u0441\u043f\u043b\u0430\u0442\u043d\u0430\u044f \u0434\u043e\u0441\u0442\u0430\u0432\u043a\u0430 \u043f\u0440\u0438 \u0437\u0430\u043a\u0430\u0437\u0435 \u043e\u0442 55 \u0435\u0432\u0440\u043e)<\/p>\n<p style=\"text-align: center;\">\u041e\u0441\u0442\u0430\u043b\u044c\u043d\u044b\u0435 \u0440\u0430\u0439\u043e\u043d\u044b \u0438 \u0433\u043e\u0440\u043e\u0434\u0430 \u043f\u043e \u043f\u0440\u0435\u0434\u0432\u0430\u0440\u0438\u0442\u0435\u043b\u044c\u043d\u043e\u0439 \u0434\u043e\u0433\u043e\u0432\u043e\u0440\u0435\u043d\u043d\u043e\u0441\u0442\u0438.<\/p>\n<p>&nbsp;<\/p>\n<p style=\"text-align: center;\"><span style=\"color: #ff0000;\"><em>Ziepniekkalns, Salaspils, Baldone, Daugmale, Olaine un Olaines pagasts, Iecava, Dz\u0113rumi, M\u0101rupe, Jaunm\u0101rupe, Riga (Centrs) &#8211; \u041c\u0438\u043d\u0438\u043c\u0430\u043b\u044c\u043d\u0430\u044f \u0441\u0443\u043c\u043c\u0430 \u0437\u0430\u043a\u0430\u0437\u0430 25.00 \u0435\u0432\u0440\u043e<\/em><\/span><\/p>\n<p>[\/vc_column_text][\/vc_column_inner][vc_column_inner width=&#8221;1\/6&#8243;][\/vc_column_inner][\/vc_row_inner][\/vc_column][\/vc_row]<\/p>\n","protected":false},"excerpt":{"rendered":"<p>[vc_row full_width=&#8221;stretch_row&#8221; allow_overflow=&#8221;yes&#8221; css=&#8221;.vc_custom_1560664672246{margin-bottom: 0px !important;padding-top: 80px !important;padding-bottom: 80px !important;background-color: #ffffff !important;}&#8221;][vc_column][vc_row_inner][vc_column_inner width=&#8221;1\/6&#8243;][\/vc_column_inner][vc_column_inner width=&#8221;2\/3&#8243;][vc_column_text css=&#8221;.vc_custom_1713809293329{margin-bottom: 60px !important;}&#8221;] \u0136ekava\u00a0&#8211; 3.50 EUR (\u0411\u0435\u0441\u043f\u043b\u0430\u0442\u043d\u0430\u044f \u0434\u043e\u0441\u0442\u0430\u0432\u043a\u0430 \u043f\u0440\u0438 \u0437\u0430\u043a\u0430\u0437\u0435 \u043e\u0442 20 \u0435\u0432\u0440\u043e) Balo\u017ei, Valdlau\u010di, R\u0101mava &#8211; 3.50 EUR (\u0411\u0435\u0441\u043f\u043b\u0430\u0442\u043d\u0430\u044f \u0434\u043e\u0441\u0442\u0430\u0432\u043a\u0430 \u043f\u0440\u0438 \u0437\u0430\u043a\u0430\u0437\u0435 \u043e\u0442 30 \u0435\u0432\u0440\u043e) Ziepniekkalns &#8211; 4.50 EUR (Free shipping for orders over 45 eur) Salaspils, Baldone, Daugmale &#8211;&#8230;<a class=\"r_more_blog\" href=\"https:\/\/ledenite.lv\/ru\/delivery-information\/#more-5945\"> continue reading<\/a><\/p>\n","protected":false},"author":1,"featured_media":0,"parent":0,"menu_order":0,"comment_status":"closed","ping_status":"closed","template":"","meta":{"_monsterinsights_skip_tracking":false,"_monsterinsights_sitenote_active":false,"_monsterinsights_sitenote_note":"","_monsterinsights_sitenote_category":0,"footnotes":""},"class_list":["post-5945","page","type-page","status-publish","hentry"],"yoast_head":"<!-- This site is optimized with the Yoast SEO plugin v27.3 - https:\/\/yoast.com\/product\/yoast-seo-wordpress\/ -->\n<title>\u0418\u043d\u0444\u043e\u0440\u043c\u0430\u0446\u0438\u044f \u043e \u0434\u043e\u0441\u0442\u0430\u0432\u043a\u0435 | Leden\u012bte Cafe<\/title>\n<meta name=\"description\" content=\"\u0136ekava\u00a0- 3.50 EUR (\u0411\u0435\u0441\u043f\u043b\u0430\u0442\u043d\u0430\u044f \u0434\u043e\u0441\u0442\u0430\u0432\u043a\u0430 \u043f\u0440\u0438 \u0437\u0430\u043a\u0430\u0437\u0435 \u043e\u0442 20 \u0435\u0432\u0440\u043e) Balo\u017ei, Valdlau\u010di, R\u0101mava - 3.50 EUR (\u0411\u0435\u0441\u043f\u043b\u0430\u0442\u043d\u0430\u044f \u0434\u043e\u0441\u0442\u0430\u0432\u043a\u0430 \u043f\u0440\u0438 \u0437\u0430\u043a\u0430\u0437\u0435 \u043e\u0442 30 \u0435\u0432\u0440\u043e)\" \/>\n<meta name=\"robots\" content=\"index, follow, max-snippet:-1, max-image-preview:large, max-video-preview:-1\" \/>\n<link rel=\"canonical\" href=\"https:\/\/ledenite.lv\/ru\/delivery-information\/\" \/>\n<meta property=\"og:locale\" content=\"ru_RU\" \/>\n<meta property=\"og:type\" content=\"article\" \/>\n<meta property=\"og:title\" content=\"\u0418\u043d\u0444\u043e\u0440\u043c\u0430\u0446\u0438\u044f \u043e \u0434\u043e\u0441\u0442\u0430\u0432\u043a\u0435 | Leden\u012bte Cafe\" \/>\n<meta property=\"og:description\" content=\"\u0136ekava\u00a0- 3.50 EUR (\u0411\u0435\u0441\u043f\u043b\u0430\u0442\u043d\u0430\u044f \u0434\u043e\u0441\u0442\u0430\u0432\u043a\u0430 \u043f\u0440\u0438 \u0437\u0430\u043a\u0430\u0437\u0435 \u043e\u0442 20 \u0435\u0432\u0440\u043e) Balo\u017ei, Valdlau\u010di, R\u0101mava - 3.50 EUR (\u0411\u0435\u0441\u043f\u043b\u0430\u0442\u043d\u0430\u044f \u0434\u043e\u0441\u0442\u0430\u0432\u043a\u0430 \u043f\u0440\u0438 \u0437\u0430\u043a\u0430\u0437\u0435 \u043e\u0442 30 \u0435\u0432\u0440\u043e)\" \/>\n<meta property=\"og:url\" content=\"https:\/\/ledenite.lv\/ru\/delivery-information\/\" \/>\n<meta property=\"og:site_name\" content=\"Leden\u012bte Cafe\" \/>\n<meta property=\"article:publisher\" content=\"https:\/\/www.facebook.com\/ledenite.lv\" \/>\n<meta property=\"article:modified_time\" content=\"2024-04-22T18:08:18+00:00\" \/>\n<meta property=\"og:image\" content=\"https:\/\/ledenite.lv\/wp-content\/uploads\/2021\/06\/Logo_for_web.png\" \/>\n\t<meta property=\"og:image:width\" content=\"834\" \/>\n\t<meta property=\"og:image:height\" content=\"835\" \/>\n\t<meta property=\"og:image:type\" content=\"image\/png\" \/>\n<meta name=\"twitter:card\" content=\"summary_large_image\" \/>\n<meta name=\"twitter:label1\" content=\"\u041f\u0440\u0438\u043c\u0435\u0440\u043d\u043e\u0435 \u0432\u0440\u0435\u043c\u044f \u0434\u043b\u044f \u0447\u0442\u0435\u043d\u0438\u044f\" \/>\n\t<meta name=\"twitter:data1\" content=\"1 \u043c\u0438\u043d\u0443\u0442\u0430\" \/>\n<!-- \/ Yoast SEO plugin. -->","yoast_head_json":{"title":"\u0418\u043d\u0444\u043e\u0440\u043c\u0430\u0446\u0438\u044f \u043e \u0434\u043e\u0441\u0442\u0430\u0432\u043a\u0435 | Leden\u012bte Cafe","description":"\u0136ekava\u00a0- 3.50 EUR (\u0411\u0435\u0441\u043f\u043b\u0430\u0442\u043d\u0430\u044f \u0434\u043e\u0441\u0442\u0430\u0432\u043a\u0430 \u043f\u0440\u0438 \u0437\u0430\u043a\u0430\u0437\u0435 \u043e\u0442 20 \u0435\u0432\u0440\u043e) Balo\u017ei, Valdlau\u010di, R\u0101mava - 3.50 EUR (\u0411\u0435\u0441\u043f\u043b\u0430\u0442\u043d\u0430\u044f \u0434\u043e\u0441\u0442\u0430\u0432\u043a\u0430 \u043f\u0440\u0438 \u0437\u0430\u043a\u0430\u0437\u0435 \u043e\u0442 30 \u0435\u0432\u0440\u043e)","robots":{"index":"index","follow":"follow","max-snippet":"max-snippet:-1","max-image-preview":"max-image-preview:large","max-video-preview":"max-video-preview:-1"},"canonical":"https:\/\/ledenite.lv\/ru\/delivery-information\/","og_locale":"ru_RU","og_type":"article","og_title":"\u0418\u043d\u0444\u043e\u0440\u043c\u0430\u0446\u0438\u044f \u043e \u0434\u043e\u0441\u0442\u0430\u0432\u043a\u0435 | Leden\u012bte Cafe","og_description":"\u0136ekava\u00a0- 3.50 EUR (\u0411\u0435\u0441\u043f\u043b\u0430\u0442\u043d\u0430\u044f \u0434\u043e\u0441\u0442\u0430\u0432\u043a\u0430 \u043f\u0440\u0438 \u0437\u0430\u043a\u0430\u0437\u0435 \u043e\u0442 20 \u0435\u0432\u0440\u043e) Balo\u017ei, Valdlau\u010di, R\u0101mava - 3.50 EUR (\u0411\u0435\u0441\u043f\u043b\u0430\u0442\u043d\u0430\u044f \u0434\u043e\u0441\u0442\u0430\u0432\u043a\u0430 \u043f\u0440\u0438 \u0437\u0430\u043a\u0430\u0437\u0435 \u043e\u0442 30 \u0435\u0432\u0440\u043e)","og_url":"https:\/\/ledenite.lv\/ru\/delivery-information\/","og_site_name":"Leden\u012bte Cafe","article_publisher":"https:\/\/www.facebook.com\/ledenite.lv","article_modified_time":"2024-04-22T18:08:18+00:00","og_image":[{"width":834,"height":835,"url":"https:\/\/ledenite.lv\/wp-content\/uploads\/2021\/06\/Logo_for_web.png","type":"image\/png"}],"twitter_card":"summary_large_image","twitter_misc":{"\u041f\u0440\u0438\u043c\u0435\u0440\u043d\u043e\u0435 \u0432\u0440\u0435\u043c\u044f \u0434\u043b\u044f \u0447\u0442\u0435\u043d\u0438\u044f":"1 \u043c\u0438\u043d\u0443\u0442\u0430"},"schema":{"@context":"https:\/\/schema.org","@graph":[{"@type":"WebPage","@id":"https:\/\/ledenite.lv\/ru\/delivery-information\/","url":"https:\/\/ledenite.lv\/ru\/delivery-information\/","name":"\u0418\u043d\u0444\u043e\u0440\u043c\u0430\u0446\u0438\u044f \u043e \u0434\u043e\u0441\u0442\u0430\u0432\u043a\u0435 | Leden\u012bte Cafe","isPartOf":{"@id":"https:\/\/ledenite.lv\/ru\/#website"},"datePublished":"2021-03-25T20:41:57+00:00","dateModified":"2024-04-22T18:08:18+00:00","description":"\u0136ekava\u00a0- 3.50 EUR (\u0411\u0435\u0441\u043f\u043b\u0430\u0442\u043d\u0430\u044f \u0434\u043e\u0441\u0442\u0430\u0432\u043a\u0430 \u043f\u0440\u0438 \u0437\u0430\u043a\u0430\u0437\u0435 \u043e\u0442 20 \u0435\u0432\u0440\u043e) Balo\u017ei, Valdlau\u010di, R\u0101mava - 3.50 EUR (\u0411\u0435\u0441\u043f\u043b\u0430\u0442\u043d\u0430\u044f \u0434\u043e\u0441\u0442\u0430\u0432\u043a\u0430 \u043f\u0440\u0438 \u0437\u0430\u043a\u0430\u0437\u0435 \u043e\u0442 30 \u0435\u0432\u0440\u043e)","breadcrumb":{"@id":"https:\/\/ledenite.lv\/ru\/delivery-information\/#breadcrumb"},"inLanguage":"ru-RU","potentialAction":[{"@type":"ReadAction","target":["https:\/\/ledenite.lv\/ru\/delivery-information\/"]}]},{"@type":"BreadcrumbList","@id":"https:\/\/ledenite.lv\/ru\/delivery-information\/#breadcrumb","itemListElement":[{"@type":"ListItem","position":1,"name":"Home","item":"https:\/\/ledenite.lv\/ru\/"},{"@type":"ListItem","position":2,"name":"\u0418\u043d\u0444\u043e\u0440\u043c\u0430\u0446\u0438\u044f \u043e \u0434\u043e\u0441\u0442\u0430\u0432\u043a\u0435"}]},{"@type":"WebSite","@id":"https:\/\/ledenite.lv\/ru\/#website","url":"https:\/\/ledenite.lv\/ru\/","name":"Leden\u012bte Cafe","description":"","publisher":{"@id":"https:\/\/ledenite.lv\/ru\/#organization"},"potentialAction":[{"@type":"SearchAction","target":{"@type":"EntryPoint","urlTemplate":"https:\/\/ledenite.lv\/ru\/?s={search_term_string}"},"query-input":{"@type":"PropertyValueSpecification","valueRequired":true,"valueName":"search_term_string"}}],"inLanguage":"ru-RU"},{"@type":"Organization","@id":"https:\/\/ledenite.lv\/ru\/#organization","name":"Leden\u012bte","url":"https:\/\/ledenite.lv\/ru\/","logo":{"@type":"ImageObject","inLanguage":"ru-RU","@id":"https:\/\/ledenite.lv\/ru\/#\/schema\/logo\/image\/","url":"http:\/\/ledenite.lv\/wp-content\/uploads\/2021\/06\/Logo_for_web.png","contentUrl":"http:\/\/ledenite.lv\/wp-content\/uploads\/2021\/06\/Logo_for_web.png","width":834,"height":835,"caption":"Leden\u012bte"},"image":{"@id":"https:\/\/ledenite.lv\/ru\/#\/schema\/logo\/image\/"},"sameAs":["https:\/\/www.facebook.com\/ledenite.lv","https:\/\/www.instagram.com\/ledenite.lv\/"]}]}},"_links":{"self":[{"href":"https:\/\/ledenite.lv\/ru\/wp-json\/wp\/v2\/pages\/5945","targetHints":{"allow":["GET"]}}],"collection":[{"href":"https:\/\/ledenite.lv\/ru\/wp-json\/wp\/v2\/pages"}],"about":[{"href":"https:\/\/ledenite.lv\/ru\/wp-json\/wp\/v2\/types\/page"}],"author":[{"embeddable":true,"href":"https:\/\/ledenite.lv\/ru\/wp-json\/wp\/v2\/users\/1"}],"replies":[{"embeddable":true,"href":"https:\/\/ledenite.lv\/ru\/wp-json\/wp\/v2\/comments?post=5945"}],"version-history":[{"count":3,"href":"https:\/\/ledenite.lv\/ru\/wp-json\/wp\/v2\/pages\/5945\/revisions"}],"predecessor-version":[{"id":22433,"href":"https:\/\/ledenite.lv\/ru\/wp-json\/wp\/v2\/pages\/5945\/revisions\/22433"}],"wp:attachment":[{"href":"https:\/\/ledenite.lv\/ru\/wp-json\/wp\/v2\/media?parent=5945"}],"curies":[{"name":"wp","href":"https:\/\/api.w.org\/{rel}","templated":true}]}}