{"id":5159,"date":"2021-04-10T17:25:40","date_gmt":"2021-04-10T17:25:40","guid":{"rendered":"https:\/\/ledenite.lv\/product\/%d0%b8%d0%b3%d1%80%d0%b8%d1%81%d1%82%d0%be%d0%b5-%d0%b2%d0%b8%d0%bd%d0%be-stolichnaya-vodka-50ml\/"},"modified":"2022-06-14T19:43:59","modified_gmt":"2022-06-14T17:43:59","slug":"dzirkstosais-vins-abrau-durso-075l","status":"publish","type":"product","link":"https:\/\/ledenite.lv\/ru\/\u043f\u0440\u043e\u0434\u0443\u043a\u0442\/dzirkstosais-vins-abrau-durso-075l\/","title":{"rendered":"Dzirksto\u0161ais v\u012bns Abrau Durso 0,75l"},"content":{"rendered":"","protected":false},"excerpt":{"rendered":"<p class=\"p1\">Dzirksto\u0161ais v\u012bns Abrau Durso Chardonnay, Pinot Blanc 0.75l<\/p>\n","protected":false},"featured_media":5160,"comment_status":"closed","ping_status":"closed","template":"","meta":{"_monsterinsights_skip_tracking":false,"_monsterinsights_sitenote_active":false,"_monsterinsights_sitenote_note":"","_monsterinsights_sitenote_category":0},"product_brand":[],"product_cat":[165],"product_tag":[],"class_list":{"0":"post-5159","1":"product","2":"type-product","3":"status-publish","4":"has-post-thumbnail","6":"product_cat-165","8":"first","9":"instock","10":"shipping-taxable","11":"purchasable","12":"product-type-simple"},"yoast_head":"<!-- This site is optimized with the Yoast SEO plugin v27.3 - https:\/\/yoast.com\/product\/yoast-seo-wordpress\/ -->\n<title>Dzirksto\u0161ais v\u012bns Abrau Durso 0,75l | Leden\u012bte Cafe<\/title>\n<meta name=\"description\" content=\"Dzirksto\u0161ais v\u012bns Abrau Durso Chardonnay, Pinot Blanc 0.75l\" \/>\n<meta name=\"robots\" content=\"index, follow, max-snippet:-1, max-image-preview:large, max-video-preview:-1\" \/>\n<link rel=\"canonical\" href=\"https:\/\/ledenite.lv\/ru\/\u043f\u0440\u043e\u0434\u0443\u043a\u0442\/dzirkstosais-vins-abrau-durso-075l\/\" \/>\n<meta property=\"og:locale\" content=\"ru_RU\" \/>\n<meta property=\"og:type\" content=\"article\" \/>\n<meta property=\"og:title\" content=\"Dzirksto\u0161ais v\u012bns Abrau Durso 0,75l | Leden\u012bte Cafe\" \/>\n<meta property=\"og:description\" content=\"Dzirksto\u0161ais v\u012bns Abrau Durso Chardonnay, Pinot Blanc 0.75l\" \/>\n<meta property=\"og:url\" content=\"https:\/\/ledenite.lv\/ru\/\u043f\u0440\u043e\u0434\u0443\u043a\u0442\/dzirkstosais-vins-abrau-durso-075l\/\" \/>\n<meta property=\"og:site_name\" content=\"Leden\u012bte Cafe\" \/>\n<meta property=\"article:publisher\" content=\"https:\/\/www.facebook.com\/ledenite.lv\" \/>\n<meta property=\"article:modified_time\" content=\"2022-06-14T17:43:59+00:00\" \/>\n<meta property=\"og:image\" content=\"https:\/\/ledenite.lv\/wp-content\/uploads\/2021\/04\/Abrau-Durso-scaled.jpg\" \/>\n\t<meta property=\"og:image:width\" content=\"1707\" \/>\n\t<meta property=\"og:image:height\" content=\"2560\" \/>\n\t<meta property=\"og:image:type\" content=\"image\/jpeg\" \/>\n<meta name=\"twitter:card\" content=\"summary_large_image\" \/>\n<meta name=\"twitter:label1\" content=\"\u0426\u0435\u043d\u0430\" \/>\n\t<meta name=\"twitter:data1\" content=\"&euro;19,00\" \/>\n\t<meta name=\"twitter:label2\" content=\"Availability\" \/>\n\t<meta name=\"twitter:data2\" content=\"In stock\" \/>\n<!-- \/ Yoast SEO plugin. -->","yoast_head_json":{"title":"Dzirksto\u0161ais v\u012bns Abrau Durso 0,75l | Leden\u012bte Cafe","description":"Dzirksto\u0161ais v\u012bns Abrau Durso Chardonnay, Pinot Blanc 0.75l","robots":{"index":"index","follow":"follow","max-snippet":"max-snippet:-1","max-image-preview":"max-image-preview:large","max-video-preview":"max-video-preview:-1"},"canonical":"https:\/\/ledenite.lv\/ru\/\u043f\u0440\u043e\u0434\u0443\u043a\u0442\/dzirkstosais-vins-abrau-durso-075l\/","og_locale":"ru_RU","og_type":"article","og_title":"Dzirksto\u0161ais v\u012bns Abrau Durso 0,75l | Leden\u012bte Cafe","og_description":"Dzirksto\u0161ais v\u012bns Abrau Durso Chardonnay, Pinot Blanc 0.75l","og_url":"https:\/\/ledenite.lv\/ru\/\u043f\u0440\u043e\u0434\u0443\u043a\u0442\/dzirkstosais-vins-abrau-durso-075l\/","og_site_name":"Leden\u012bte Cafe","article_publisher":"https:\/\/www.facebook.com\/ledenite.lv","article_modified_time":"2022-06-14T17:43:59+00:00","og_image":[{"width":1707,"height":2560,"url":"https:\/\/ledenite.lv\/wp-content\/uploads\/2021\/04\/Abrau-Durso-scaled.jpg","type":"image\/jpeg"}],"twitter_card":"summary_large_image","twitter_misc":{"\u0426\u0435\u043d\u0430":"&euro;19,00","Availability":"In stock"},"schema":{"@context":"https:\/\/schema.org","@graph":[{"@type":"WebPage","@id":"https:\/\/ledenite.lv\/ru\/\u043f\u0440\u043e\u0434\u0443\u043a\u0442\/dzirkstosais-vins-abrau-durso-075l\/","url":"https:\/\/ledenite.lv\/ru\/\u043f\u0440\u043e\u0434\u0443\u043a\u0442\/dzirkstosais-vins-abrau-durso-075l\/","name":"Dzirksto\u0161ais v\u012bns Abrau Durso 0,75l | Leden\u012bte Cafe","isPartOf":{"@id":"https:\/\/ledenite.lv\/ru\/#website"},"primaryImageOfPage":{"@id":"https:\/\/ledenite.lv\/ru\/\u043f\u0440\u043e\u0434\u0443\u043a\u0442\/dzirkstosais-vins-abrau-durso-075l\/#primaryimage"},"image":{"@id":"https:\/\/ledenite.lv\/ru\/\u043f\u0440\u043e\u0434\u0443\u043a\u0442\/dzirkstosais-vins-abrau-durso-075l\/#primaryimage"},"thumbnailUrl":"https:\/\/ledenite.lv\/wp-content\/uploads\/2021\/04\/Abrau-Durso-scaled.jpg","datePublished":"2021-04-10T17:25:40+00:00","dateModified":"2022-06-14T17:43:59+00:00","description":"Dzirksto\u0161ais v\u012bns Abrau Durso Chardonnay, Pinot Blanc 0.75l","breadcrumb":{"@id":"https:\/\/ledenite.lv\/ru\/\u043f\u0440\u043e\u0434\u0443\u043a\u0442\/dzirkstosais-vins-abrau-durso-075l\/#breadcrumb"},"inLanguage":"ru-RU","potentialAction":[{"@type":"ReadAction","target":["https:\/\/ledenite.lv\/ru\/\u043f\u0440\u043e\u0434\u0443\u043a\u0442\/dzirkstosais-vins-abrau-durso-075l\/"]}]},{"@type":"ImageObject","inLanguage":"ru-RU","@id":"https:\/\/ledenite.lv\/ru\/\u043f\u0440\u043e\u0434\u0443\u043a\u0442\/dzirkstosais-vins-abrau-durso-075l\/#primaryimage","url":"https:\/\/ledenite.lv\/wp-content\/uploads\/2021\/04\/Abrau-Durso-scaled.jpg","contentUrl":"https:\/\/ledenite.lv\/wp-content\/uploads\/2021\/04\/Abrau-Durso-scaled.jpg","width":1707,"height":2560,"caption":"Dzirksto\u0161ais v\u012bns Abrau Durso 0,75l"},{"@type":"BreadcrumbList","@id":"https:\/\/ledenite.lv\/ru\/\u043f\u0440\u043e\u0434\u0443\u043a\u0442\/dzirkstosais-vins-abrau-durso-075l\/#breadcrumb","itemListElement":[{"@type":"ListItem","position":1,"name":"Home","item":"https:\/\/ledenite.lv\/ru\/"},{"@type":"ListItem","position":2,"name":"\u041c\u0430\u0433\u0430\u0437\u0438\u043d","item":"https:\/\/ledenite.lv\/shop-2\/"},{"@type":"ListItem","position":3,"name":"Dzirksto\u0161ais v\u012bns Abrau Durso 0,75l"}]},{"@type":"WebSite","@id":"https:\/\/ledenite.lv\/ru\/#website","url":"https:\/\/ledenite.lv\/ru\/","name":"Leden\u012bte Cafe","description":"","publisher":{"@id":"https:\/\/ledenite.lv\/ru\/#organization"},"potentialAction":[{"@type":"SearchAction","target":{"@type":"EntryPoint","urlTemplate":"https:\/\/ledenite.lv\/ru\/?s={search_term_string}"},"query-input":{"@type":"PropertyValueSpecification","valueRequired":true,"valueName":"search_term_string"}}],"inLanguage":"ru-RU"},{"@type":"Organization","@id":"https:\/\/ledenite.lv\/ru\/#organization","name":"Leden\u012bte","url":"https:\/\/ledenite.lv\/ru\/","logo":{"@type":"ImageObject","inLanguage":"ru-RU","@id":"https:\/\/ledenite.lv\/ru\/#\/schema\/logo\/image\/","url":"http:\/\/ledenite.lv\/wp-content\/uploads\/2021\/06\/Logo_for_web.png","contentUrl":"http:\/\/ledenite.lv\/wp-content\/uploads\/2021\/06\/Logo_for_web.png","width":834,"height":835,"caption":"Leden\u012bte"},"image":{"@id":"https:\/\/ledenite.lv\/ru\/#\/schema\/logo\/image\/"},"sameAs":["https:\/\/www.facebook.com\/ledenite.lv","https:\/\/www.instagram.com\/ledenite.lv\/"]}]}},"_links":{"self":[{"href":"https:\/\/ledenite.lv\/ru\/wp-json\/wp\/v2\/product\/5159","targetHints":{"allow":["GET"]}}],"collection":[{"href":"https:\/\/ledenite.lv\/ru\/wp-json\/wp\/v2\/product"}],"about":[{"href":"https:\/\/ledenite.lv\/ru\/wp-json\/wp\/v2\/types\/product"}],"replies":[{"embeddable":true,"href":"https:\/\/ledenite.lv\/ru\/wp-json\/wp\/v2\/comments?post=5159"}],"wp:featuredmedia":[{"embeddable":true,"href":"https:\/\/ledenite.lv\/ru\/wp-json\/wp\/v2\/media\/5160"}],"wp:attachment":[{"href":"https:\/\/ledenite.lv\/ru\/wp-json\/wp\/v2\/media?parent=5159"}],"wp:term":[{"taxonomy":"product_brand","embeddable":true,"href":"https:\/\/ledenite.lv\/ru\/wp-json\/wp\/v2\/product_brand?post=5159"},{"taxonomy":"product_cat","embeddable":true,"href":"https:\/\/ledenite.lv\/ru\/wp-json\/wp\/v2\/product_cat?post=5159"},{"taxonomy":"product_tag","embeddable":true,"href":"https:\/\/ledenite.lv\/ru\/wp-json\/wp\/v2\/product_tag?post=5159"}],"curies":[{"name":"wp","href":"https:\/\/api.w.org\/{rel}","templated":true}]}}